{"id":123,"date":"2018-09-26T11:25:02","date_gmt":"2018-09-26T09:25:02","guid":{"rendered":"https:\/\/meganor.eu\/?page_id=123"},"modified":"2019-09-15T19:28:34","modified_gmt":"2019-09-15T17:28:34","slug":"aviso-legal","status":"publish","type":"page","link":"https:\/\/meganor.eu\/index.php\/aviso-legal\/","title":{"rendered":"Aviso Legal"},"content":{"rendered":"<div id=\"pl-123\" class=\"panel-layout\">\n<div id=\"pg-123-0\" class=\"panel-grid panel-no-style\">\n<div id=\"pgc-123-0-0\" class=\"panel-grid-cell\" data-weight=\"1\">\n<div id=\"panel-123-0-0-0\" class=\"so-panel widget widget_sow-editor panel-first-child panel-last-child\" data-index=\"0\" data-style=\"{&quot;background_image_attachment&quot;:false,&quot;background_display&quot;:&quot;tile&quot;,&quot;link_color&quot;:&quot;#1e73be&quot;}\">\n<div class=\"so-widget-sow-editor so-widget-sow-editor-base\">\n<div class=\"siteorigin-widget-tinymce textwidget\">\n<p><span style=\"color: #808080;\">\u2022 DATOS DE LA EMPRESA<\/span><br \/>\nEn cumplimiento del art\u00edculo 10 de la Ley 34\/2002, de 11 de julio, de Servicios de la Sociedad de la Informaci\u00f3n y Comercio Electr\u00f3nico, MEGANOR MATERIAL EL\u00c9CTRICO SL le informa que se encuentra inscrita en el Registro Mercantil de A Coru\u00f1a, siendo sus datos identificativos los siguientes:<\/p>\n<p>Denominaci\u00f3n social:&nbsp; &nbsp; &nbsp; &nbsp; &nbsp;<strong>MEGANOR MATERIAL EL\u00c9CTRICO SL<\/strong><br \/>\nC.I.F:&nbsp; &nbsp; &nbsp; &nbsp; &nbsp; &nbsp; &nbsp; &nbsp; &nbsp; &nbsp; &nbsp; &nbsp; &nbsp; &nbsp; &nbsp; &nbsp; &nbsp; &nbsp;<strong>B70500954<\/strong><br \/>\nDomicilio social:<strong>&nbsp; &nbsp; &nbsp; &nbsp; &nbsp; &nbsp; &nbsp; &nbsp; &nbsp; C\/. Gutemberg,&nbsp; 40-A Pol\u00edgono Industrial A Grela, 15008 &#8211; A CORU\u00d1A<\/strong><br \/>\nTel\u00e9fono:&nbsp; &nbsp; &nbsp; &nbsp; &nbsp; &nbsp; &nbsp; &nbsp; &nbsp; &nbsp; &nbsp; &nbsp; &nbsp; &nbsp; &nbsp;<strong>881927203<\/strong><br \/>\nCorreo electr\u00f3nico a efectos de comunicaci\u00f3n: <strong> <a href=\"mailto:administracion@meganor.eu\">administracion@meganor.eu<\/a>&nbsp;<\/strong><br \/>\nTodas las notificaciones y comunicaciones entre los usuarios y MEGANOR MATERIAL EL\u00c9CTRICO SL se considerar\u00e1n eficaces, a todos los efectos, cuando se realicen a trav\u00e9s de correo postal o cualquier otro medio de los detallados anteriormente.<\/p>\n<p><span style=\"color: #808080;\">\u2022 CONDICIONES DE ACCESO Y UTILIZACI\u00d3N<\/span><br \/>\nEl presente aviso legal regula el uso del sitio web www. meganor.eu (en adelante, LA WEB), del que es titular MEGANOR MATERIAL EL\u00c9CTRICO SL.<\/p>\n<p>La navegaci\u00f3n por la web de MEGANOR MATERIAL EL\u00c9CTRICO SL atribuye la condici\u00f3n de usuario del mismo e implica la aceptaci\u00f3n plena y sin reservas de todas y cada una de las disposiciones incluidas en este Aviso Legal, que pueden sufrir modificaciones.<\/p>\n<p>El sitio web y sus servicios son de acceso libre y gratuito, no obstante, MEGANOR MATERIAL EL\u00c9CTRICO SL condiciona la utilizaci\u00f3n de algunos de los servicios ofrecidos en su web a la previa cumplimentaci\u00f3n del correspondiente formulario.<\/p>\n<p>Todos los contenidos del sitio web, como textos, fotograf\u00edas, gr\u00e1ficos, im\u00e1genes, iconos, tecnolog\u00eda, software, as\u00ed como su dise\u00f1o y c\u00f3digos fuente, constituyen una obra cuya propiedad pertenece a MEGANOR MATERIAL EL\u00c9CTRICO SL, sin que puedan entenderse cedidos al usuario ninguno de los derechos de explotaci\u00f3n sobre los mismos m\u00e1s all\u00e1 de lo estrictamente necesario para el correcto uso de la web.<\/p>\n<p>El usuario garantiza la autenticidad y actualidad de todos aquellos datos que comunique a MEGANOR MATERIAL EL\u00c9CTRICO SL y ser\u00e1 el \u00fanico responsable de las manifestaciones falsas o inexactas que realice.<br \/>\nEl usuario se obliga a hacer un uso correcto del sitio web de conformidad con las leyes, la buena fe, el orden p\u00fablico, los usos del tr\u00e1fico y el presente Aviso Legal. El usuario responder\u00e1 frente a MEGANOR MATERIAL EL\u00c9CTRICO SL o frente a terceros, de cualesquiera da\u00f1os y perjuicios que pudieran causarse como consecuencia del incumplimiento de dicha obligaci\u00f3n.<\/p>\n<p><span style=\"color: #999999;\">\u2022 POL\u00cdTICA DE ENLACES Y EXENCIONES DE RESPONSABILIDADES<\/span><br \/>\nMEGANOR MATERIAL EL\u00c9CTRICO SL no se hace responsable del contenido de las p\u00e1ginas web a las que el usuario pueda acceder a trav\u00e9s de los enlaces establecidos en LA WEB y declara que en ning\u00fan caso proceder\u00e1 a examinar o ejercitar ning\u00fan tipo de control sobre el contenido de otras p\u00e1ginas de la red. Asimismo, tampoco garantizar\u00e1 la disponibilidad t\u00e9cnica, exactitud, veracidad, validez o legalidad de p\u00e1ginas ajenas a su propiedad a las que se pueda acceder por medio de los enlaces.<\/p>\n<p>MEGANOR MATERIAL EL\u00c9CTRICO SL declara haber adoptado todas las medidas necesarias para evitar cualesquiera da\u00f1os que, a los usuarios de LA WEB, pudieran derivarse de la navegaci\u00f3n por la misma. En consecuencia, MEGANOR MATERIAL EL\u00c9CTRICO SL no se hace responsable, en ning\u00fan caso, de los eventuales da\u00f1os que por la navegaci\u00f3n por Internet pudiera sufrir el usuario.<\/p>\n<p><span style=\"color: #808080;\">\u2022 USO DE COOKIES Y DATOS ESTAD\u00cdSTICOS<\/span><br \/>\nEsta p\u00e1gina web puede recoger datos de sus visitantes por medio del uso de cookies. Consultar la pol\u00edtica de cookies, en su caso.<\/p>\n<p>El usuario tiene la posibilidad de configurar su navegador de modo que se le informe de la recepci\u00f3n de cookies, pudiendo, si as\u00ed lo desea, impedir que sean instaladas en su disco duro.<\/p>\n<p><span style=\"color: #808080;\">\u2022 PROTECCI\u00d3N DE DATOS<\/span><\/p>\n<p>En el caso de que en la web se recojan datos de car\u00e1cter personal, para m\u00e1s informaci\u00f3n consultar la <a href=\"https:\/\/meganor.eu\/index.php\/politica-de-privacidad\/\" target=\"_blank\" rel=\"noopener noreferrer\">pol\u00edtica de privacidad.<\/a>.<\/p>\n<\/div>\n<\/div>\n<\/div>\n<\/div>\n<\/div>\n<\/div>\n","protected":false},"excerpt":{"rendered":"<p>\u2022 DATOS DE LA EMPRESA En cumplimiento del art\u00edculo 10 de la Ley 34\/2002, de 11 de julio, de Servicios de la Sociedad de la Informaci\u00f3n y Comercio Electr\u00f3nico, MEGANOR MATERIAL EL\u00c9CTRICO SL le informa que se encuentra inscrita en el Registro Mercantil de A Coru\u00f1a, siendo sus datos identificativos los siguientes: Denominaci\u00f3n social:&nbsp; &nbsp; [&hellip;]<\/p>\n","protected":false},"author":1,"featured_media":0,"parent":0,"menu_order":0,"comment_status":"closed","ping_status":"closed","template":"","meta":{"_monsterinsights_skip_tracking":false,"_monsterinsights_sitenote_active":false,"_monsterinsights_sitenote_note":"","_monsterinsights_sitenote_category":0,"footnotes":""},"class_list":["post-123","page","type-page","status-publish","hentry","post"],"aioseo_notices":[],"_links":{"self":[{"href":"https:\/\/meganor.eu\/index.php\/wp-json\/wp\/v2\/pages\/123","targetHints":{"allow":["GET"]}}],"collection":[{"href":"https:\/\/meganor.eu\/index.php\/wp-json\/wp\/v2\/pages"}],"about":[{"href":"https:\/\/meganor.eu\/index.php\/wp-json\/wp\/v2\/types\/page"}],"author":[{"embeddable":true,"href":"https:\/\/meganor.eu\/index.php\/wp-json\/wp\/v2\/users\/1"}],"replies":[{"embeddable":true,"href":"https:\/\/meganor.eu\/index.php\/wp-json\/wp\/v2\/comments?post=123"}],"version-history":[{"count":14,"href":"https:\/\/meganor.eu\/index.php\/wp-json\/wp\/v2\/pages\/123\/revisions"}],"predecessor-version":[{"id":478,"href":"https:\/\/meganor.eu\/index.php\/wp-json\/wp\/v2\/pages\/123\/revisions\/478"}],"wp:attachment":[{"href":"https:\/\/meganor.eu\/index.php\/wp-json\/wp\/v2\/media?parent=123"}],"curies":[{"name":"wp","href":"https:\/\/api.w.org\/{rel}","templated":true}]}}