{"id":623,"date":"2019-10-04T16:48:48","date_gmt":"2019-10-04T14:48:48","guid":{"rendered":"https:\/\/meganor.eu\/?page_id=623"},"modified":"2019-10-04T16:48:48","modified_gmt":"2019-10-04T14:48:48","slug":"formulario-de-contacto","status":"publish","type":"page","link":"https:\/\/meganor.eu\/index.php\/formulario-de-contacto\/","title":{"rendered":"Formulario de contacto"},"content":{"rendered":"\n<div class=\"wpcf7 no-js\" id=\"wpcf7-f63-o1\" lang=\"es-ES\" dir=\"ltr\" data-wpcf7-id=\"63\">\n<div class=\"screen-reader-response\"><p role=\"status\" aria-live=\"polite\" aria-atomic=\"true\"><\/p> <ul><\/ul><\/div>\n<form action=\"\/index.php\/wp-json\/wp\/v2\/pages\/623#wpcf7-f63-o1\" method=\"post\" class=\"wpcf7-form init\" aria-label=\"Formulario de contacto\" enctype=\"multipart\/form-data\" novalidate=\"novalidate\" data-status=\"init\">\n<fieldset class=\"hidden-fields-container\"><input type=\"hidden\" name=\"_wpcf7\" value=\"63\" \/><input type=\"hidden\" name=\"_wpcf7_version\" value=\"6.1.5\" \/><input type=\"hidden\" name=\"_wpcf7_locale\" value=\"es_ES\" \/><input type=\"hidden\" name=\"_wpcf7_unit_tag\" value=\"wpcf7-f63-o1\" \/><input type=\"hidden\" name=\"_wpcf7_container_post\" value=\"0\" \/><input type=\"hidden\" name=\"_wpcf7_posted_data_hash\" value=\"\" \/>\n<\/fieldset>\n<p><label> <strong>Nombre<\/strong> (requerido)<br \/>\n<span class=\"wpcf7-form-control-wrap\" data-name=\"your-name\"><input size=\"40\" maxlength=\"400\" class=\"wpcf7-form-control wpcf7-text wpcf7-validates-as-required\" aria-required=\"true\" aria-invalid=\"false\" value=\"\" type=\"text\" name=\"your-name\" \/><\/span> <\/label>\n<\/p>\n<p><label> <strong>Correo electr\u00f3nico<\/strong> (requerido)<br \/>\n<span class=\"wpcf7-form-control-wrap\" data-name=\"your-email\"><input size=\"40\" maxlength=\"400\" class=\"wpcf7-form-control wpcf7-email wpcf7-validates-as-required wpcf7-text wpcf7-validates-as-email\" aria-required=\"true\" aria-invalid=\"false\" value=\"\" type=\"email\" name=\"your-email\" \/><\/span> <\/label>\n<\/p>\n<p><label> <strong>Asunto<\/strong> (requerido)<br \/>\n<span class=\"wpcf7-form-control-wrap\" data-name=\"your-subject\"><input size=\"40\" maxlength=\"400\" class=\"wpcf7-form-control wpcf7-text wpcf7-validates-as-required\" aria-required=\"true\" aria-invalid=\"false\" value=\"\" type=\"text\" name=\"your-subject\" \/><\/span> <\/label>\n<\/p>\n<p><label> <strong>Mensaje<\/strong><br \/>\n<span class=\"wpcf7-form-control-wrap\" data-name=\"your-message\"><textarea cols=\"40\" rows=\"10\" maxlength=\"2000\" class=\"wpcf7-form-control wpcf7-textarea\" aria-invalid=\"false\" name=\"your-message\"><\/textarea><\/span> <\/label>\n<\/p>\n<p><label> De conformidad con lo que establece la legislaci\u00f3n vigente en materia de Protecci\u00f3n de Datos de Car\u00e1cter Personal, se le informa que los datos personales que nos facilite a trav\u00e9s de dicho formulario ser\u00e1n tratados por MEGANOR MATERIAL EL\u00c9CTRICO SL, con la finalidad de gestionar su solicitud y enviarle informaci\u00f3n m\u00e1s detallada. <\/label>\n<\/p>\n<p><span class=\"wpcf7-form-control-wrap\" data-name=\"your-consent\"><span class=\"wpcf7-form-control wpcf7-acceptance\"><span class=\"wpcf7-list-item\"><label><input type=\"checkbox\" name=\"your-consent\" value=\"1\" aria-invalid=\"false\" \/><span class=\"wpcf7-list-item-label\"><strong>He le\u00eddo y acepto la <a href=\"https:\/\/meganor.eu\/index.php\/politica-de-privacidad\/\" target=\"_blank\">pol\u00edtica de privacidad.<\/a><\/strong><\/span><\/label><\/span><\/span><\/span>\n<\/p>\n<p><label> Si lo desea puede adjuntar un archivo (jpg, jpeg, tiff, pdf)<br \/>\n<span class=\"wpcf7-form-control-wrap\" data-name=\"Archivosadjuntos\"><input size=\"40\" class=\"wpcf7-form-control wpcf7-file\" accept=\".pdf,.jpg,.jpeg,.tiff\" aria-invalid=\"false\" type=\"file\" name=\"Archivosadjuntos\" \/><\/span><br \/>\nComplete esta operaci\u00f3n: <span class=\"wpcf7-form-control-wrap mathcaptcha-168\"><input size=\"2\" maxlength=\"2\" class=\"wpcf7-form-control wpcf7-mathcaptcha\" aria-required=\"true\" type=\"text\" name=\"mathcaptcha-168\" value=\"\" \/> &#8722; &#x32; = &#52;<\/span><input type=\"hidden\" value=\"0\" name=\"mathcaptcha-168-sn\" \/><br \/>\n<input class=\"wpcf7-form-control wpcf7-submit has-spinner\" type=\"submit\" value=\"Enviar\" \/><\/label>\n<\/p><div class=\"wpcf7-response-output\" aria-hidden=\"true\"><\/div>\n<\/form>\n<\/div>\n\n","protected":false},"excerpt":{"rendered":"","protected":false},"author":1,"featured_media":0,"parent":0,"menu_order":0,"comment_status":"closed","ping_status":"closed","template":"","meta":{"_monsterinsights_skip_tracking":false,"_monsterinsights_sitenote_active":false,"_monsterinsights_sitenote_note":"","_monsterinsights_sitenote_category":0,"footnotes":""},"class_list":["post-623","page","type-page","status-publish","hentry","post"],"aioseo_notices":[],"_links":{"self":[{"href":"https:\/\/meganor.eu\/index.php\/wp-json\/wp\/v2\/pages\/623","targetHints":{"allow":["GET"]}}],"collection":[{"href":"https:\/\/meganor.eu\/index.php\/wp-json\/wp\/v2\/pages"}],"about":[{"href":"https:\/\/meganor.eu\/index.php\/wp-json\/wp\/v2\/types\/page"}],"author":[{"embeddable":true,"href":"https:\/\/meganor.eu\/index.php\/wp-json\/wp\/v2\/users\/1"}],"replies":[{"embeddable":true,"href":"https:\/\/meganor.eu\/index.php\/wp-json\/wp\/v2\/comments?post=623"}],"version-history":[{"count":2,"href":"https:\/\/meganor.eu\/index.php\/wp-json\/wp\/v2\/pages\/623\/revisions"}],"predecessor-version":[{"id":626,"href":"https:\/\/meganor.eu\/index.php\/wp-json\/wp\/v2\/pages\/623\/revisions\/626"}],"wp:attachment":[{"href":"https:\/\/meganor.eu\/index.php\/wp-json\/wp\/v2\/media?parent=623"}],"curies":[{"name":"wp","href":"https:\/\/api.w.org\/{rel}","templated":true}]}}